{"id":2127,"date":"2025-08-27T21:05:13","date_gmt":"2025-08-28T03:05:13","guid":{"rendered":"https:\/\/publipunch.com\/?page_id=2127"},"modified":"2025-08-28T01:42:57","modified_gmt":"2025-08-28T07:42:57","slug":"flash-ads","status":"publish","type":"page","link":"https:\/\/publipunch.com\/en\/soluciones-de-impacto\/flash-ads\/","title":{"rendered":"Flash Ads"},"content":{"rendered":"<div data-elementor-type=\"wp-page\" data-elementor-id=\"2127\" class=\"elementor elementor-2127\">\n\t\t\t\t<div class=\"elementor-element elementor-element-f035bbd e-flex e-con-boxed e-con e-parent\" data-id=\"f035bbd\" data-element_type=\"container\">\n\t\t\t\t\t<div class=\"e-con-inner\">\n\t\t\t\t<div class=\"elementor-element elementor-element-ff043b4 elementor-widget elementor-widget-heading\" data-id=\"ff043b4\" data-element_type=\"widget\" data-widget_type=\"heading.default\">\n\t\t\t\t\t<h1 class=\"elementor-heading-title elementor-size-default\">Flash Ads<\/h1>\t\t\t\t<\/div>\n\t\t\t\t<div class=\"elementor-element elementor-element-8652789 elementor-widget elementor-widget-text-editor\" data-id=\"8652789\" data-element_type=\"widget\" data-widget_type=\"text-editor.default\">\n\t\t\t\t\t\t\t\t\t<p>With <strong>Flash Ads<\/strong>, your advertising campaigns have the power of a fashion editorial: eye-catching, strategic, and designed to generate immediate results.<\/p>\t\t\t\t\t\t\t\t<\/div>\n\t\t\t\t\t<\/div>\n\t\t\t\t<\/div>\n\t\t<div class=\"elementor-element elementor-element-69d0b19 e-flex e-con-boxed e-con e-parent\" data-id=\"69d0b19\" data-element_type=\"container\">\n\t\t\t\t\t<div class=\"e-con-inner\">\n\t\t\t\t<div class=\"elementor-element elementor-element-c406a5c elementor-widget elementor-widget-ms_slider_fs\" data-id=\"c406a5c\" data-element_type=\"widget\" data-widget_type=\"ms_slider_fs.default\">\n\t\t\t\t<div class=\"elementor-widget-container\">\n\t\t\t\t\t       \r\n        <div class=\"ms-swiper-content\">\r\n            <div class=\"ms-slider\" id=\"c406a5c\" data-nav=\"\" data-autoplay=\"on\" data-centered=\"off\" data-mousewheel=\"\" data-simulatetouch=\"on\" data-grabcursor=\"on\" data-effect=\"slide\" data-direction=\"horizontal\" data-loop=\"on\" data-spv=\"1\" data-spv-t=\"1\" data-spv-m=\"1\" data-space=\"0\" data-space-t=\"0\" data-space-m=\"0\" data-speed=\"1000\">\r\n                <div class=\"swiper-wrapper\">\r\n                \r\n                                                                    <div class=\"swiper-slide\" data-swiper-autoplay=\"1000\">\r\n                                                    <div class=\"slide-inner\" data-swiper-parallax=\"40%\">\r\n                            \r\n                                                                    <div class=\"ms-slider--img\">\r\n                                        <img decoding=\"async\" src=\"https:\/\/publipunch.com\/wp-content\/uploads\/2025\/08\/flash_2.jpg\" title=\"flash_2\" alt=\"flash_2\" loading=\"lazy\" \/>                                    <\/div>\r\n                                                                \r\n                                \r\n                                \r\n                                \r\n                                    \r\n                                        <div class=\"ms-slider--cont\" data-swiper-parallax=\"0%\">\r\n                                            <div class=\"ms-cont__inner\">\r\n\r\n                                                \r\n                                                                                                \r\n                                                \r\n                                                \r\n                                            <\/div>\r\n                                        <\/div>\r\n                                    \r\n                                \r\n                            <\/div>\r\n                        <\/div>\r\n                                                                    <div class=\"swiper-slide\" data-swiper-autoplay=\"1000\">\r\n                                                    <div class=\"slide-inner\" data-swiper-parallax=\"40%\">\r\n                            \r\n                                                                    <div class=\"ms-slider--img\">\r\n                                        <img decoding=\"async\" src=\"https:\/\/publipunch.com\/wp-content\/uploads\/2025\/08\/flash_1.jpg\" title=\"flash_1\" alt=\"flash_1\" loading=\"lazy\" \/>                                    <\/div>\r\n                                                                \r\n                                \r\n                                \r\n                                \r\n                                    \r\n                                        <div class=\"ms-slider--cont\" data-swiper-parallax=\"0%\">\r\n                                            <div class=\"ms-cont__inner\">\r\n\r\n                                                \r\n                                                                                                \r\n                                                \r\n                                                \r\n                                            <\/div>\r\n                                        <\/div>\r\n                                    \r\n                                \r\n                            <\/div>\r\n                        <\/div>\r\n                                    <\/div>\r\n                                            <\/div>\r\n        <\/div>\r\n\t\t\t\t\t\t<\/div>\n\t\t\t\t<\/div>\n\t\t<div class=\"elementor-element elementor-element-641ee6e e-con-full e-flex e-con e-child\" data-id=\"641ee6e\" data-element_type=\"container\">\n\t\t<div class=\"elementor-element elementor-element-9c9575e e-con-full e-flex e-con e-child\" data-id=\"9c9575e\" data-element_type=\"container\">\n\t\t\t\t<div class=\"elementor-element elementor-element-2eedf3d elementor-widget elementor-widget-heading\" data-id=\"2eedf3d\" data-element_type=\"widget\" data-widget_type=\"heading.default\">\n\t\t\t\t\t<h2 class=\"elementor-heading-title elementor-size-default\">Paid Advertising<\/h2>\t\t\t\t<\/div>\n\t\t\t\t<div class=\"elementor-element elementor-element-c63e453 elementor-widget elementor-widget-text-editor\" data-id=\"c63e453\" data-element_type=\"widget\" data-widget_type=\"text-editor.default\">\n\t\t\t\t\t\t\t\t\t<p>We focus on ads on Google, Facebook, Instagram, and other platforms that connect with the right audience at the right time.<\/p><p>Each campaign is developed based on a thorough analysis of audiences, competitors, and market trends, creating ads that attract, generate engagement, and increase conversions.<\/p><p>Each campaign is developed based on a thorough analysis of audiences, competitors, and market trends, creating ads that attract, generate engagement, and increase conversions.<\/p>\t\t\t\t\t\t\t\t<\/div>\n\t\t\t\t<\/div>\n\t\t<div class=\"elementor-element elementor-element-d337402 e-con-full e-flex e-con e-child\" data-id=\"d337402\" data-element_type=\"container\">\n\t\t\t\t<div class=\"elementor-element elementor-element-d037a2c elementor-widget elementor-widget-text-editor\" data-id=\"d037a2c\" data-element_type=\"widget\" data-widget_type=\"text-editor.default\">\n\t\t\t\t\t\t\t\t\t<p>In addition, we constantly monitor performance and optimize in real time, adjusting budgets, segmentation, and content to maximize ROI.<\/p><p>With <strong>Flash Ads<\/strong>, your brand doesn't go unnoticed: it stands out, attracts customers, and achieves measurable results, taking your digital strategy to the next level.<\/p><p><strong>Benefits:<\/strong> More leads and conversions, optimized ROI, global reach, strategic campaigns, and immediate results.<\/p>\t\t\t\t\t\t\t\t<\/div>\n\t\t\t\t<\/div>\n\t\t\t\t<\/div>\n\t\t<div class=\"elementor-element elementor-element-2f4c397 e-con-full e-flex e-con e-child\" data-id=\"2f4c397\" data-element_type=\"container\">\n\t\t<div class=\"elementor-element elementor-element-7be680c e-con-full e-flex e-con e-child\" data-id=\"7be680c\" data-element_type=\"container\">\n\t\t\t\t<div class=\"elementor-element elementor-element-0db3edb elementor-widget elementor-widget-html\" data-id=\"0db3edb\" data-element_type=\"widget\" data-widget_type=\"html.default\">\n\t\t\t\t\t<div class=\"ms-spn--wrap\">\n    <div class=\"ms-spn--content\">\n        <a class=\"ms-spn--link\" href=\"\/en\/coleccion-exclusiva\/\"><h3>\u2190 Exclusive Collection<\/h3><\/a><div class=\"ms-spn--thumb\"><img decoding=\"async\" src=\"https:\/\/publipunch.com\/wp-content\/uploads\/2025\/08\/collection.jpg\"><\/div>        <\/div>\n    <\/div>\t\t\t\t<\/div>\n\t\t\t\t<\/div>\n\t\t<div class=\"elementor-element elementor-element-ef36468 e-con-full e-flex e-con e-child\" data-id=\"ef36468\" data-element_type=\"container\">\n\t\t\t\t<div class=\"elementor-element elementor-element-21419ad elementor-widget elementor-widget-html\" data-id=\"21419ad\" data-element_type=\"widget\" data-widget_type=\"html.default\">\n\t\t\t\t\t<div class=\"ms-spn--wrap\">\n    <div class=\"ms-spn--content\">\n        <a class=\"ms-spn--link\" href=\"\/en\/soluciones-de-impacto\/story-luxe\/\"><h3>Story Luxe \u2192<\/h3><\/a><div class=\"ms-spn--thumb\"><img decoding=\"async\" src=\"https:\/\/publipunch.com\/wp-content\/uploads\/2025\/08\/story_button.jpg\"><\/div>        <\/div>\n    <\/div>\t\t\t\t<\/div>\n\t\t\t\t<\/div>\n\t\t\t\t<\/div>\n\t\t\t\t\t<\/div>\n\t\t\t\t<\/div>\n\t\t\t\t<\/div>","protected":false},"excerpt":{"rendered":"<p>Flash Ads Con Flash Ads, tus campa\u00f1as publicitarias tienen la fuerza de un editorial de moda: llamativas, estrat\u00e9gicas y dise\u00f1adas para generar resultados inmediatos. [&hellip;]<\/p>","protected":false},"author":1,"featured_media":0,"parent":1943,"menu_order":0,"comment_status":"closed","ping_status":"closed","template":"page-custom.php","meta":{"_acf_changed":false,"footnotes":""},"class_list":["post-2127","page","type-page","status-publish","hentry"],"acf":{"full_width":true,"header_transparent":false},"_links":{"self":[{"href":"https:\/\/publipunch.com\/en\/wp-json\/wp\/v2\/pages\/2127","targetHints":{"allow":["GET"]}}],"collection":[{"href":"https:\/\/publipunch.com\/en\/wp-json\/wp\/v2\/pages"}],"about":[{"href":"https:\/\/publipunch.com\/en\/wp-json\/wp\/v2\/types\/page"}],"author":[{"embeddable":true,"href":"https:\/\/publipunch.com\/en\/wp-json\/wp\/v2\/users\/1"}],"replies":[{"embeddable":true,"href":"https:\/\/publipunch.com\/en\/wp-json\/wp\/v2\/comments?post=2127"}],"version-history":[{"count":19,"href":"https:\/\/publipunch.com\/en\/wp-json\/wp\/v2\/pages\/2127\/revisions"}],"predecessor-version":[{"id":2254,"href":"https:\/\/publipunch.com\/en\/wp-json\/wp\/v2\/pages\/2127\/revisions\/2254"}],"up":[{"embeddable":true,"href":"https:\/\/publipunch.com\/en\/wp-json\/wp\/v2\/pages\/1943"}],"wp:attachment":[{"href":"https:\/\/publipunch.com\/en\/wp-json\/wp\/v2\/media?parent=2127"}],"curies":[{"name":"wp","href":"https:\/\/api.w.org\/{rel}","templated":true}]}}